{"id":495,"date":"2026-03-12T09:40:29","date_gmt":"2026-03-12T08:40:29","guid":{"rendered":"https:\/\/artemisine.ch\/front-page\/"},"modified":"2026-05-15T14:24:09","modified_gmt":"2026-05-15T12:24:09","slug":"front-page","status":"publish","type":"page","link":"https:\/\/artemisine.ch\/de\/","title":{"rendered":"Artemisine"},"content":{"rendered":"<section class=\"hero hero_\" id=\"block_1650af64a0b8f39990e2cf08a80937c0\">\n            <div class=\"hero__video js-parallax-video js-parallax-hero-video\">\n        <video\n          src=\"https:\/\/artemisine.ch\/wp-content\/uploads\/2026\/04\/Artemisine_BG.mp4\"\n          muted\n          loop\n          playsinline\n          webkit-playsinline\n          preload=\"auto\"\n          autoplay\n        >\n          Your browser does not support the video tag.\n        <\/video>\n      <\/div>\n      \n            <span class=\"sk-text--h3 hero__subtitle\">\n    Artemisia Annua\n  <\/span>\n    \n          <h2 class=\"sk-text--h1 hero__title\">\n        ein Schatz \u2028<br \/>\r\nbotanique\n      <\/h2>\n    \n          <a class=\"sk-btn hero__button\" href=\"#highlighted_product\">\n        COMMANDER\n      <\/a>\n    \n    <div class=\"hero__anchor js-hero-anchor\">\n    <\/div>\n  <\/section>\n\n\n  <section class=\"description-block  \" id=\"plante\">\n    <div class=\"description-block__bg\" aria-hidden=\"true\"><\/div>\n    <div class=\"sk-container sk-container--md\">\n      <div class=\"description-block-content\">\n        <h2 class=\"description-block-title\">Qu\u2019est-ce que l\u2019artemisia ?<\/h2>\n        <div class=\"content-wrapper\">\n          <div class=\"content-inner\"><p>L\u2019<em>Artemisia annua<\/em>, ou armoise annuelle, est une plante aromatique au profil botanique singulier et \u00e0 la composition mol\u00e9culaire complexe.<\/p>\n<p>L\u2019Artemisia est utilis\u00e9e de longue date dans les pharmacop\u00e9es africaines et asiatiques comme plante m\u00e9dicinale, et reste appr\u00e9ci\u00e9e pour ses usages th\u00e9rapeutiques traditionnels associ\u00e9s au bien-\u00eatre et au soutien des d\u00e9fenses immunitaires. Elle poss\u00e8de en outre une grande diversit\u00e9 de principes actifs dont l\u2019art\u00e9misinine, mol\u00e9cule \u00e0 l\u2019origine de traitements majeurs contre le paludisme et certaines fi\u00e8vres.<\/p>\n<\/div>\n                      <a class=\"sk-btn description-block__button\" href=\"https:\/\/artemisine.ch\/base-de-connaissance\/\" target=\"_self\">\n              Base de connaissance\n            <\/a>\n                  <\/div>\n        <div class=\"image-wrapper\">\n          \n\n    <img decoding=\"async\" class=\"js-parallax-img\" width=\"826\" height=\"1346\" alt=\"Artemisine_Gravure_Botanic\" src=\"https:\/\/artemisine.ch\/wp-content\/uploads\/2026\/05\/Artemisine_Gravure_Botanic.png\" loading=\"lazy\">\n\n        <\/div>\n\n        <div class=\"description-block__anchor js-nextSection-anchor\">\n        <\/div>\n      <\/div>\n    <\/div>\n  <\/section>\n\n\n  <section class=\"three-images-block  \" id=\"block_985741c1124997781ba0e0d1517b76c4\">\n    <div class=\"sk-container sk-container--md\">\n      <div class=\"three-images-block__items\">\n                  <div class=\"three-images-block__item\">\n            <div class=\"image-wrapper\">\n              \n\n    <img decoding=\"async\" class=\"\" width=\"273\" height=\"273\" alt=\"work_snail\" src=\"https:\/\/artemisine.ch\/wp-content\/uploads\/2026\/03\/work_snail.png\" loading=\"lazy\">\n\n            <\/div>\n            <p class=\"text\">\n              Cultiv\u00e9e et conditionn\u00e9e en Suisse.\u2028 <br \/>\r\nSans traitement ni engrais chimique.\n            <\/p>\n          <\/div>\n                  <div class=\"three-images-block__item\">\n            <div class=\"image-wrapper\">\n              \n\n    <img decoding=\"async\" class=\"\" width=\"227\" height=\"227\" alt=\"Monk\" src=\"https:\/\/artemisine.ch\/wp-content\/uploads\/2026\/03\/Monk.png\" loading=\"lazy\">\n\n            <\/div>\n            <p class=\"text\">\n              Contr\u00f4le et tra\u00e7abilit\u00e9 complets.\u2028 <br \/>\r\nDe la germination \u00e0 la r\u00e9colte.\n            <\/p>\n          <\/div>\n                  <div class=\"three-images-block__item\">\n            <div class=\"image-wrapper\">\n              \n\n    <img decoding=\"async\" class=\"\" width=\"230\" height=\"230\" alt=\"icon 2c 1\" src=\"https:\/\/artemisine.ch\/wp-content\/uploads\/2026\/03\/icon-2c-1.png\" loading=\"lazy\">\n\n            <\/div>\n            <p class=\"text\">\n              S\u00e9lection vari\u00e9tale traditionnelle.\u2028<br \/>\r\nSemences bio de qualit\u00e9 sup\u00e9rieure.\n            <\/p>\n          <\/div>\n              <\/div>\n    <\/div>\n  <\/section>\n\n\n  <section\n    class=\"highlighted-product-block  \"\n    id=\"highlighted_product\"\n    data-cart-url=\"https:\/\/artemisine.ch\/de\/cart\/\"\n    data-view-cart-label=\"Voir le panier\"\n  >\n    <div class=\"sk-container sk-container--md\">\n      <div class=\"highlighted-product-block__columns\">\n                  <div class=\"image-wrapper\">\n            \n\n    <img decoding=\"async\" class=\"\" width=\"1600\" height=\"1500\" alt=\"Artemisine_Product_Powder\" src=\"https:\/\/artemisine.ch\/wp-content\/uploads\/2026\/04\/Artemisine_Product_Powder.webp\" loading=\"lazy\">\n\n          <\/div>\n                <div class=\"content-wrapper\">\n          <h2 class=\"highlighted-product-block__title\">Artemisia \u2028cultiv\u00e9e\u2028sous serre<\/h2>\n          <div class=\"highlighted-product-block__content\">\n            <div class=\"price-wrapper\" data-product-id='108'>\n                                  <span class=\"price\">35<\/span>\n                                <div class=\"currency-wrapper\" data-currency=\"CHF\">\n                                      <div class=\"wcml-dropdown product wcml_currency_switcher\">\n\t<ul>\n\t\t<li class=\"wcml-cs-active-currency\">\n\t\t\t<a href=\"#\" class=\"wcml-cs-item-toggle\">CHF<\/a>\n\t\t\t<ul class=\"wcml-cs-submenu\">\n\t\t\t\t\t\t\t\t\t\t\t\t\t\t\t\t\t\t\t\t\t\t\t\t<li>\n\t\t\t\t\t\t\t<a href=\"#\" rel=\"EUR\">EUR<\/a>\n\t\t\t\t\t\t<\/li>\n\t\t\t\t\t\t\t\t\t\t\t\t<\/ul>\n\t\t<\/li>\n\t<\/ul>\n<\/div>\n                                  <\/div>\n              <\/div>\n            <div class=\"selects-wrapper\">\n              <div class=\"select-wrapper js-desired-shape\">\n                <div class=\"select-label\">Forme souhait\u00e9e<\/div>\n                <div class=\"select-field\">\n                  <select class=\"sk-select\" name=\"form\" data-attribute=\"desired-shape\">\n                                          <option value=\"Poudre\">Poudre<\/option>\n                                          <option value=\"Feuilles s\u00e9ch\u00e9es\">Feuilles s\u00e9ch\u00e9es<\/option>\n                                          <option value=\"Planton\">Planton<\/option>\n                                      <\/select>\n                  <span class=\"select-icon\" aria-hidden=\"true\"><\/span>\n                <\/div>\n              <\/div>\n\n              <div class=\"select-wrapper js-desired-volume\">\n                <div class=\"select-label\">Volume souhait\u00e9<\/div>\n                <div class=\"select-field\">\n                  <select class=\"sk-select\" name=\"volume\" data-attribute=\"desired-volume\">\n                                          <option value=\"35 grammes\">35 grammes<\/option>\n                                          <option value=\"70 grammes\">70 grammes<\/option>\n                                          <option value=\"105 grammes\">105 grammes<\/option>\n                                          <option value=\"210 grammes\">210 grammes<\/option>\n                                      <\/select>\n                  <span class=\"select-icon\" aria-hidden=\"true\"><\/span>\n                <\/div>\n              <\/div>\n            <\/div>\n            <div class=\"bottom\">\n              <div class=\"count-wrapper\">\n                <input type=\"number\" name=\"quantity\" value=\"1\" min=\"1\" class=\"quantity-input\">\n                <div class=\"buttons\">\n                  <button class=\"quantity-btn more\" aria-label=\"Increase quantity\"><\/button>\n                  <button class=\"quantity-btn less\" aria-label=\"Decrease quantity\"><\/button>\n                <\/div>\n              <\/div>\n              <a href=\"?add-to-cart=213&#038;quantity=1\" data-variation-id=\"213\" class=\"sk-btn js-add-to-cart\" aria-label=\"Cart\">\n                <span>Ajouter au panier<\/span>\n              <\/a>\n            <\/div>\n          <\/div>\n        <\/div>\n      <\/div>\n\n              <div class=\"highlighted-product-block__description\">\n          <p>Conform\u00e9mement \u00e0 la l\u00e9gislation suisse, nos produits sont vendus comme\u00a0mati\u00e8re premi\u00e8re v\u00e9g\u00e9tale. Nous ne formulons\u00a0aucune all\u00e9gation th\u00e9rapeutique. Son usage rel\u00e8ve de\u00a0la responsabilit\u00e9 de chaque utilisateur.<\/p>\n        <\/div>\n          <\/div>\n  <\/section>\n\n\n","protected":false},"excerpt":{"rendered":"","protected":false},"author":6,"featured_media":0,"parent":0,"menu_order":0,"comment_status":"closed","ping_status":"closed","template":"","meta":{"_acf_changed":false,"footnotes":""},"class_list":["post-495","page","type-page","status-publish","hentry"],"acf":[],"_links":{"self":[{"href":"https:\/\/artemisine.ch\/de\/wp-json\/wp\/v2\/pages\/495","targetHints":{"allow":["GET"]}}],"collection":[{"href":"https:\/\/artemisine.ch\/de\/wp-json\/wp\/v2\/pages"}],"about":[{"href":"https:\/\/artemisine.ch\/de\/wp-json\/wp\/v2\/types\/page"}],"author":[{"embeddable":true,"href":"https:\/\/artemisine.ch\/de\/wp-json\/wp\/v2\/users\/6"}],"replies":[{"embeddable":true,"href":"https:\/\/artemisine.ch\/de\/wp-json\/wp\/v2\/comments?post=495"}],"version-history":[{"count":1,"href":"https:\/\/artemisine.ch\/de\/wp-json\/wp\/v2\/pages\/495\/revisions"}],"predecessor-version":[{"id":496,"href":"https:\/\/artemisine.ch\/de\/wp-json\/wp\/v2\/pages\/495\/revisions\/496"}],"wp:attachment":[{"href":"https:\/\/artemisine.ch\/de\/wp-json\/wp\/v2\/media?parent=495"}],"curies":[{"name":"wp","href":"https:\/\/api.w.org\/{rel}","templated":true}]}}